{"id":1952,"date":"2025-08-15T12:09:02","date_gmt":"2025-08-15T12:09:02","guid":{"rendered":"https:\/\/hotelschreiner.cz\/?page_id=1952"},"modified":"2025-08-15T12:09:04","modified_gmt":"2025-08-15T12:09:04","slug":"1952-2","status":"publish","type":"page","link":"https:\/\/hotelschreiner.cz\/de\/1952-2\/","title":{"rendered":""},"content":{"rendered":"<p>[et_pb_section fb_built=&#8220;1&#8243; theme_builder_area=&#8220;post_content&#8220; _builder_version=&#8220;4.27.4&#8243; _module_preset=&#8220;default&#8220; title_text=&#8220;HP&#8220; background_image=&#8220;https:\/\/hotelschreiner.cz\/wp-content\/uploads\/2025\/06\/HP.jpg&#8220; custom_padding=&#8220;200px||200px||true|false&#8220; hover_enabled=&#8220;0&#8243; sticky_enabled=&#8220;0&#8243;][et_pb_row _builder_version=&#8220;4.27.4&#8243; _module_preset=&#8220;default&#8220; theme_builder_area=&#8220;post_content&#8220;][et_pb_column _builder_version=&#8220;4.27.4&#8243; _module_preset=&#8220;default&#8220; type=&#8220;4_4&#8243; theme_builder_area=&#8220;post_content&#8220;][et_pb_heading title=&#8220;Buchung&#8220; _builder_version=&#8220;4.27.4&#8243; _module_preset=&#8220;default&#8220; theme_builder_area=&#8220;post_content&#8220; title_font=&#8220;Poppins||||||||&#8220; title_font_size=&#8220;50px&#8220; title_text_color=&#8220;#FFFFFF&#8220; title_text_align=&#8220;center&#8220; hover_enabled=&#8220;0&#8243; sticky_enabled=&#8220;0&#8243;][\/et_pb_heading][\/et_pb_column][\/et_pb_row][\/et_pb_section][et_pb_section fb_built=&#8220;1&#8243; theme_builder_area=&#8220;post_content&#8220; _builder_version=&#8220;4.27.4&#8243; _module_preset=&#8220;default&#8220;][et_pb_row _builder_version=&#8220;4.27.4&#8243; _module_preset=&#8220;default&#8220; theme_builder_area=&#8220;post_content&#8220;][et_pb_column _builder_version=&#8220;4.27.4&#8243; _module_preset=&#8220;default&#8220; type=&#8220;4_4&#8243; theme_builder_area=&#8220;post_content&#8220;][et_pb_code _builder_version=&#8220;4.27.4&#8243; _module_preset=&#8220;default&#8220; theme_builder_area=&#8220;post_content&#8220; hover_enabled=&#8220;0&#8243; sticky_enabled=&#8220;0&#8243;]<!-- Reservation PLUS start --><!-- [et_pb_line_break_holder] --><script type=\"text\/javascript\" src=\"https:\/\/booking.previo.app\/iframe\/\"><\/script><!-- [et_pb_line_break_holder] --><iframe scrolling=\"no\" frameborder=\"0\" width=\"100%\" height=\"1000\" name=\"previo-booking-iframe\" id=\"previo-booking-iframe\" allowtransparency=\"true\"><\/iframe><!-- [et_pb_line_break_holder] --><!-- Reservation PLUS end -->[\/et_pb_code][\/et_pb_column][\/et_pb_row][\/et_pb_section][et_pb_section fb_built=&#8220;1&#8243; _builder_version=&#8220;4.27.4&#8243; _module_preset=&#8220;default&#8220; background_color=&#8220;#f7f6f2&#8243; global_module=&#8220;1896&#8243; saved_tabs=&#8220;all&#8220; global_colors_info=&#8220;{}&#8220; theme_builder_area=&#8220;post_content&#8220;][et_pb_row _builder_version=&#8220;4.27.4&#8243; _module_preset=&#8220;default&#8220; global_colors_info=&#8220;{}&#8220; theme_builder_area=&#8220;post_content&#8220;][et_pb_column type=&#8220;4_4&#8243; _builder_version=&#8220;4.27.4&#8243; _module_preset=&#8220;default&#8220; global_colors_info=&#8220;{}&#8220; theme_builder_area=&#8220;post_content&#8220;][et_pb_heading title=&#8220;Wo Sie uns finden&#8220; module_id=&#8220;kontaktde&#8220; _builder_version=&#8220;4.27.4&#8243; _module_preset=&#8220;default&#8220; title_level=&#8220;h2&#8243; title_font=&#8220;Poppins|700|||||||&#8220; title_text_align=&#8220;center&#8220; title_text_color=&#8220;#a5825e&#8220; title_font_size=&#8220;40px&#8220; custom_margin=&#8220;||2px|||&#8220; custom_padding=&#8220;|0px|0px|0px|false|false&#8220; global_colors_info=&#8220;{}&#8220; theme_builder_area=&#8220;post_content&#8220;][\/et_pb_heading][\/et_pb_column][\/et_pb_row][et_pb_row column_structure=&#8220;1_2,1_2&#8243; _builder_version=&#8220;4.27.4&#8243; _module_preset=&#8220;default&#8220; global_colors_info=&#8220;{}&#8220; theme_builder_area=&#8220;post_content&#8220;][et_pb_column type=&#8220;1_2&#8243; _builder_version=&#8220;4.27.4&#8243; _module_preset=&#8220;default&#8220; global_colors_info=&#8220;{}&#8220; theme_builder_area=&#8220;post_content&#8220;][et_pb_code _builder_version=&#8220;4.27.4&#8243; _module_preset=&#8220;default&#8220; global_colors_info=&#8220;{}&#8220; theme_builder_area=&#8220;post_content&#8220;]<iframe data-src=\"https:\/\/www.google.com\/maps\/embed?pb=!1m18!1m12!1m3!1d2695.169881143832!2d13.88697847680981!3d48.90877157134083!2m3!1f0!2f0!3f0!3m2!1i1024!2i768!4f13.1!3m3!1m2!1s0x47739f80ad3a45b3%3A0x68cc8358e2224f03!2sN%C3%A1m%C4%9Bst%C3%AD%20325%2C%20384%2051%20Volary!5e0!3m2!1sen!2scz!4v1691592000000!5m2!1sen!2scz\" width=\"100%\" height=\"450\" style=\"border:0;\" allowfullscreen=\"\" referrerpolicy=\"no-referrer-when-downgrade\" src=\"data:image\/svg+xml;base64,PHN2ZyB3aWR0aD0iMSIgaGVpZ2h0PSIxIiB4bWxucz0iaHR0cDovL3d3dy53My5vcmcvMjAwMC9zdmciPjwvc3ZnPg==\" class=\"lazyload\" data-load-mode=\"1\"><!-- [et_pb_line_break_holder] --><\/iframe>[\/et_pb_code][\/et_pb_column][et_pb_column type=&#8220;1_2&#8243; _builder_version=&#8220;4.27.4&#8243; _module_preset=&#8220;default&#8220; global_colors_info=&#8220;{}&#8220; theme_builder_area=&#8220;post_content&#8220;][et_pb_icon font_icon=&#8220;&#xe090;||divi||400&#8243; icon_color=&#8220;#a5825e&#8220; icon_width=&#8220;30px&#8220; _builder_version=&#8220;4.27.4&#8243; _module_preset=&#8220;default&#8220; custom_margin=&#8220;33px|350px|||false|false&#8220; custom_margin_tablet=&#8220;|500px|||false|false&#8220; custom_margin_phone=&#8220;|250px|||false|false&#8220; custom_margin_last_edited=&#8220;on|phone&#8220; global_colors_info=&#8220;{}&#8220; theme_builder_area=&#8220;post_content&#8220;][\/et_pb_icon][et_pb_text _builder_version=&#8220;4.27.4&#8243; _module_preset=&#8220;default&#8220; text_font=&#8220;Poppins|300|||||||&#8220; text_text_color=&#8220;#000000&#8243; text_font_size=&#8220;18px&#8220; custom_margin=&#8220;-59px||28px|137px|false|false&#8220; global_colors_info=&#8220;{}&#8220; theme_builder_area=&#8220;post_content&#8220;]<\/p>\n<p>+420 606 086 863<\/p>\n<p>[\/et_pb_text][et_pb_icon font_icon=&#8220;&#xe010;||divi||400&#8243; icon_color=&#8220;#a5825e&#8220; icon_width=&#8220;30px&#8220; _builder_version=&#8220;4.27.4&#8243; _module_preset=&#8220;default&#8220; custom_margin=&#8220;-12px|350px|||false|false&#8220; custom_margin_tablet=&#8220;|500px|||false|false&#8220; custom_margin_phone=&#8220;-12px|250px|||false|false&#8220; custom_margin_last_edited=&#8220;on|phone&#8220; global_colors_info=&#8220;{}&#8220; theme_builder_area=&#8220;post_content&#8220;][\/et_pb_icon][et_pb_text _builder_version=&#8220;4.27.4&#8243; _module_preset=&#8220;default&#8220; text_font=&#8220;Poppins|300|||||||&#8220; text_text_color=&#8220;#000000&#8243; text_font_size=&#8220;18px&#8220; custom_margin=&#8220;-59px||28px|137px|false|false&#8220; global_colors_info=&#8220;{}&#8220; theme_builder_area=&#8220;post_content&#8220;]<\/p>\n<p><a href=\"mailto:recepce@hotelschreiner.cz\">recepce@hotelschreiner.cz<\/a><\/p>\n<p>[\/et_pb_text][et_pb_icon font_icon=&#8220;&#xe01d;||divi||400&#8243; icon_color=&#8220;#a5825e&#8220; icon_width=&#8220;30px&#8220; _builder_version=&#8220;4.27.4&#8243; _module_preset=&#8220;default&#8220; custom_margin=&#8220;-12px|350px|||false|false&#8220; custom_margin_tablet=&#8220;|500px|||false|false&#8220; custom_margin_phone=&#8220;-12px|250px|||false|false&#8220; custom_margin_last_edited=&#8220;on|phone&#8220; global_colors_info=&#8220;{}&#8220; theme_builder_area=&#8220;post_content&#8220;][\/et_pb_icon][et_pb_text _builder_version=&#8220;4.27.4&#8243; _module_preset=&#8220;default&#8220; text_font=&#8220;Poppins|300|||||||&#8220; text_text_color=&#8220;#000000&#8243; text_font_size=&#8220;18px&#8220; custom_margin=&#8220;-59px||28px|137px|false|false&#8220; global_colors_info=&#8220;{}&#8220; theme_builder_area=&#8220;post_content&#8220;]<\/p>\n<p>N\u00e1m\u011bst\u00ed 325, Volary, 384 51<\/p>\n<p>[\/et_pb_text][et_pb_icon font_icon=&#8220;&#xe0c1;||divi||400&#8243; icon_color=&#8220;#a5825e&#8220; icon_width=&#8220;30px&#8220; url=&#8220;https:\/\/www.facebook.com\/schreinerhotel&#8220; url_new_window=&#8220;on&#8220; _builder_version=&#8220;4.27.4&#8243; _module_preset=&#8220;default&#8220; custom_margin=&#8220;44px|350px|||false|false&#8220; custom_margin_tablet=&#8220;|500px|||false|false&#8220; custom_margin_phone=&#8220;44px|250px|||false|false&#8220; custom_margin_last_edited=&#8220;on|phone&#8220; global_colors_info=&#8220;{}&#8220; theme_builder_area=&#8220;post_content&#8220;][\/et_pb_icon][et_pb_text _builder_version=&#8220;4.27.4&#8243; _module_preset=&#8220;default&#8220; text_font=&#8220;Poppins|300|||||||&#8220; text_text_color=&#8220;#000000&#8243; text_font_size=&#8220;18px&#8220; custom_margin=&#8220;-59px||28px|137px|false|false&#8220; global_colors_info=&#8220;{}&#8220; theme_builder_area=&#8220;post_content&#8220;]<\/p>\n<p>facebook.com\/schreinerhotel<\/p>\n<p>[\/et_pb_text][et_pb_icon font_icon=&#8220;&#xe09a;||divi||400&#8243; icon_color=&#8220;#a5825e&#8220; icon_width=&#8220;30px&#8220; url=&#8220;https:\/\/www.instagram.com\/hotelschreiner\/&#8220; url_new_window=&#8220;on&#8220; _builder_version=&#8220;4.27.4&#8243; _module_preset=&#8220;default&#8220; custom_margin=&#8220;-12px|350px|||false|false&#8220; custom_margin_tablet=&#8220;|500px|||false|false&#8220; custom_margin_phone=&#8220;-12px|250px|||false|false&#8220; custom_margin_last_edited=&#8220;on|phone&#8220; global_colors_info=&#8220;{}&#8220; theme_builder_area=&#8220;post_content&#8220;][\/et_pb_icon][et_pb_text _builder_version=&#8220;4.27.4&#8243; _module_preset=&#8220;default&#8220; text_font=&#8220;Poppins|300|||||||&#8220; text_text_color=&#8220;#000000&#8243; text_font_size=&#8220;18px&#8220; custom_margin=&#8220;-59px||28px|137px|false|false&#8220; global_colors_info=&#8220;{}&#8220; theme_builder_area=&#8220;post_content&#8220;]<\/p>\n<p>instagram.com\/hotelschreiner\/<\/p>\n<p>[\/et_pb_text][\/et_pb_column][\/et_pb_row][\/et_pb_section]<\/p>\n","protected":false},"excerpt":{"rendered":"<p>+420 606 086 863recepce@hotelschreiner.czN\u00e1m\u011bst\u00ed 325, Volary, 384 51facebook.com\/schreinerhotelinstagram.com\/hotelschreiner\/<\/p>\n","protected":false},"author":1,"featured_media":0,"parent":0,"menu_order":0,"comment_status":"closed","ping_status":"closed","template":"","meta":{"_et_pb_use_builder":"on","_et_pb_old_content":"","_et_gb_content_width":"","footnotes":""},"class_list":["post-1952","page","type-page","status-publish","hentry"],"yoast_head":"<!-- This site is optimized with the Yoast SEO plugin v26.5 - https:\/\/yoast.com\/wordpress\/plugins\/seo\/ -->\n<title>- Hotel Schreiner<\/title>\n<meta name=\"robots\" content=\"index, follow, max-snippet:-1, max-image-preview:large, max-video-preview:-1\" \/>\n<link rel=\"canonical\" href=\"https:\/\/hotelschreiner.cz\/de\/1952-2\/\" \/>\n<meta property=\"og:locale\" content=\"de_DE\" \/>\n<meta property=\"og:type\" content=\"article\" \/>\n<meta property=\"og:title\" content=\"- Hotel Schreiner\" \/>\n<meta property=\"og:description\" content=\"+420 606 086 863recepce@hotelschreiner.czN\u00e1m\u011bst\u00ed 325, Volary, 384 51facebook.com\/schreinerhotelinstagram.com\/hotelschreiner\/\" \/>\n<meta property=\"og:url\" content=\"https:\/\/hotelschreiner.cz\/de\/1952-2\/\" \/>\n<meta property=\"og:site_name\" content=\"Hotel Schreiner\" \/>\n<meta property=\"article:modified_time\" content=\"2025-08-15T12:09:04+00:00\" \/>\n<meta name=\"twitter:card\" content=\"summary_large_image\" \/>\n<script type=\"application\/ld+json\" class=\"yoast-schema-graph\">{\"@context\":\"https:\/\/schema.org\",\"@graph\":[{\"@type\":\"WebPage\",\"@id\":\"https:\/\/hotelschreiner.cz\/de\/1952-2\/\",\"url\":\"https:\/\/hotelschreiner.cz\/de\/1952-2\/\",\"name\":\"- Hotel Schreiner\",\"isPartOf\":{\"@id\":\"https:\/\/hotelschreiner.cz\/#website\"},\"datePublished\":\"2025-08-15T12:09:02+00:00\",\"dateModified\":\"2025-08-15T12:09:04+00:00\",\"inLanguage\":\"de\",\"potentialAction\":[{\"@type\":\"ReadAction\",\"target\":[\"https:\/\/hotelschreiner.cz\/de\/1952-2\/\"]}]},{\"@type\":\"WebSite\",\"@id\":\"https:\/\/hotelschreiner.cz\/#website\",\"url\":\"https:\/\/hotelschreiner.cz\/\",\"name\":\"Hotel Schreiner\",\"description\":\"Nov\u011b zrekonstruovan\u00fd hotel na \u0160umav\u011b\",\"potentialAction\":[{\"@type\":\"SearchAction\",\"target\":{\"@type\":\"EntryPoint\",\"urlTemplate\":\"https:\/\/hotelschreiner.cz\/?s={search_term_string}\"},\"query-input\":{\"@type\":\"PropertyValueSpecification\",\"valueRequired\":true,\"valueName\":\"search_term_string\"}}],\"inLanguage\":\"de\"}]}<\/script>\n<!-- \/ Yoast SEO plugin. -->","yoast_head_json":{"title":"- Hotel Schreiner","robots":{"index":"index","follow":"follow","max-snippet":"max-snippet:-1","max-image-preview":"max-image-preview:large","max-video-preview":"max-video-preview:-1"},"canonical":"https:\/\/hotelschreiner.cz\/de\/1952-2\/","og_locale":"de_DE","og_type":"article","og_title":"- Hotel Schreiner","og_description":"+420 606 086 863recepce@hotelschreiner.czN\u00e1m\u011bst\u00ed 325, Volary, 384 51facebook.com\/schreinerhotelinstagram.com\/hotelschreiner\/","og_url":"https:\/\/hotelschreiner.cz\/de\/1952-2\/","og_site_name":"Hotel Schreiner","article_modified_time":"2025-08-15T12:09:04+00:00","twitter_card":"summary_large_image","schema":{"@context":"https:\/\/schema.org","@graph":[{"@type":"WebPage","@id":"https:\/\/hotelschreiner.cz\/de\/1952-2\/","url":"https:\/\/hotelschreiner.cz\/de\/1952-2\/","name":"- Hotel Schreiner","isPartOf":{"@id":"https:\/\/hotelschreiner.cz\/#website"},"datePublished":"2025-08-15T12:09:02+00:00","dateModified":"2025-08-15T12:09:04+00:00","inLanguage":"de","potentialAction":[{"@type":"ReadAction","target":["https:\/\/hotelschreiner.cz\/de\/1952-2\/"]}]},{"@type":"WebSite","@id":"https:\/\/hotelschreiner.cz\/#website","url":"https:\/\/hotelschreiner.cz\/","name":"Hotel Schreiner","description":"Nov\u011b zrekonstruovan\u00fd hotel na \u0160umav\u011b","potentialAction":[{"@type":"SearchAction","target":{"@type":"EntryPoint","urlTemplate":"https:\/\/hotelschreiner.cz\/?s={search_term_string}"},"query-input":{"@type":"PropertyValueSpecification","valueRequired":true,"valueName":"search_term_string"}}],"inLanguage":"de"}]}},"_links":{"self":[{"href":"https:\/\/hotelschreiner.cz\/de\/wp-json\/wp\/v2\/pages\/1952","targetHints":{"allow":["GET"]}}],"collection":[{"href":"https:\/\/hotelschreiner.cz\/de\/wp-json\/wp\/v2\/pages"}],"about":[{"href":"https:\/\/hotelschreiner.cz\/de\/wp-json\/wp\/v2\/types\/page"}],"author":[{"embeddable":true,"href":"https:\/\/hotelschreiner.cz\/de\/wp-json\/wp\/v2\/users\/1"}],"replies":[{"embeddable":true,"href":"https:\/\/hotelschreiner.cz\/de\/wp-json\/wp\/v2\/comments?post=1952"}],"version-history":[{"count":2,"href":"https:\/\/hotelschreiner.cz\/de\/wp-json\/wp\/v2\/pages\/1952\/revisions"}],"predecessor-version":[{"id":1956,"href":"https:\/\/hotelschreiner.cz\/de\/wp-json\/wp\/v2\/pages\/1952\/revisions\/1956"}],"wp:attachment":[{"href":"https:\/\/hotelschreiner.cz\/de\/wp-json\/wp\/v2\/media?parent=1952"}],"curies":[{"name":"wp","href":"https:\/\/api.w.org\/{rel}","templated":true}]}}