{"id":3575,"date":"2026-01-08T10:48:09","date_gmt":"2026-01-08T10:48:09","guid":{"rendered":"https:\/\/hotelschreiner.cz\/gallery\/"},"modified":"2026-03-02T13:57:32","modified_gmt":"2026-03-02T13:57:32","slug":"gallery","status":"publish","type":"page","link":"https:\/\/hotelschreiner.cz\/en\/gallery\/","title":{"rendered":"Gallery"},"content":{"rendered":"<p>[et_pb_section fb_built=&#8221;1&#8243; _builder_version=&#8221;4.27.4&#8243; _module_preset=&#8221;default&#8221; background_image=&#8221;https:\/\/hotelschreiner.cz\/wp-content\/uploads\/2025\/06\/HP3.jpg&#8221; custom_margin=&#8221;||||false|false&#8221; custom_padding=&#8221;200px||200px||true|false&#8221; global_colors_info=&#8221;{}&#8221;][et_pb_row _builder_version=&#8221;4.27.4&#8243; _module_preset=&#8221;default&#8221; global_colors_info=&#8221;{}&#8221;][et_pb_column type=&#8221;4_4&#8243; _builder_version=&#8221;4.27.4&#8243; _module_preset=&#8221;default&#8221; global_colors_info=&#8221;{}&#8221;][et_pb_heading title=&#8221;Gallery&#8221; _builder_version=&#8221;4.27.4&#8243; _module_preset=&#8221;default&#8221; title_font=&#8221;Poppins||||||||&#8221; title_text_align=&#8221;center&#8221; title_text_color=&#8221;#FFFFFF&#8221; title_font_size=&#8221;50px&#8221; global_colors_info=&#8221;{}&#8221;][\/et_pb_heading][\/et_pb_column][\/et_pb_row][\/et_pb_section][et_pb_section fb_built=&#8221;1&#8243; _builder_version=&#8221;4.27.4&#8243; _module_preset=&#8221;default&#8221; custom_margin=&#8221;||16px|||&#8221; custom_padding=&#8221;3px|||||&#8221; global_colors_info=&#8221;{}&#8221;][et_pb_row _builder_version=&#8221;4.27.4&#8243; _module_preset=&#8221;default&#8221; custom_padding=&#8221;69px||0px|||&#8221; global_colors_info=&#8221;{}&#8221;][et_pb_column type=&#8221;4_4&#8243; _builder_version=&#8221;4.27.4&#8243; _module_preset=&#8221;default&#8221; global_colors_info=&#8221;{}&#8221;][et_pb_heading title=&#8221;Rooms&#8221; _builder_version=&#8221;4.27.4&#8243; _module_preset=&#8221;default&#8221; title_font=&#8221;Poppins|700|||||||&#8221; title_text_align=&#8221;center&#8221; title_text_color=&#8221;#a5825e&#8221; title_font_size=&#8221;40px&#8221; global_colors_info=&#8221;{}&#8221;][\/et_pb_heading][et_pb_gallery gallery_ids=&#8221;3524,3518,3527,3545,3521,3539,3536,3533,3530,3542&#8243; posts_number=&#8221;10&#8243; show_title_and_caption=&#8221;off&#8221; show_pagination=&#8221;off&#8221; _builder_version=&#8221;4.27.4&#8243; _module_preset=&#8221;default&#8221; global_colors_info=&#8221;{}&#8221;][\/et_pb_gallery][\/et_pb_column][\/et_pb_row][\/et_pb_section][et_pb_section fb_built=&#8221;1&#8243; _builder_version=&#8221;4.27.4&#8243; _module_preset=&#8221;default&#8221; custom_padding=&#8221;3px|||||&#8221; global_colors_info=&#8221;{}&#8221;][et_pb_row _builder_version=&#8221;4.27.4&#8243; _module_preset=&#8221;default&#8221; custom_padding=&#8221;8px|||||&#8221; global_colors_info=&#8221;{}&#8221;][et_pb_column type=&#8221;4_4&#8243; _builder_version=&#8221;4.27.4&#8243; _module_preset=&#8221;default&#8221; global_colors_info=&#8221;{}&#8221;][et_pb_heading title=&#8221;Restaurant&#8221; _builder_version=&#8221;4.27.4&#8243; _module_preset=&#8221;default&#8221; title_font=&#8221;Poppins|700|||||||&#8221; title_text_align=&#8221;center&#8221; title_text_color=&#8221;#a5825e&#8221; title_font_size=&#8221;40px&#8221; global_colors_info=&#8221;{}&#8221;][\/et_pb_heading][et_pb_gallery gallery_ids=&#8221;3001,2995,3589,3592,3595,3598,3601,3604,3616,3619,3622,3625,3613,3610,3607&#8243; posts_number=&#8221;15&#8243; show_title_and_caption=&#8221;off&#8221; show_pagination=&#8221;off&#8221; _builder_version=&#8221;4.27.4&#8243; _module_preset=&#8221;default&#8221; hover_enabled=&#8221;0&#8243; global_colors_info=&#8221;{}&#8221; sticky_enabled=&#8221;0&#8243;][\/et_pb_gallery][\/et_pb_column][\/et_pb_row][\/et_pb_section][et_pb_section fb_built=&#8221;1&#8243; _builder_version=&#8221;4.27.4&#8243; _module_preset=&#8221;default&#8221; custom_padding=&#8221;3px|||||&#8221; global_colors_info=&#8221;{}&#8221;][et_pb_row _builder_version=&#8221;4.27.4&#8243; _module_preset=&#8221;default&#8221; custom_padding=&#8221;8px|||||&#8221; global_colors_info=&#8221;{}&#8221;][et_pb_column type=&#8221;4_4&#8243; _builder_version=&#8221;4.27.4&#8243; _module_preset=&#8221;default&#8221; global_colors_info=&#8221;{}&#8221;][et_pb_heading title=&#8221;Hotel&#8221; _builder_version=&#8221;4.27.4&#8243; _module_preset=&#8221;default&#8221; title_font=&#8221;Poppins|700|||||||&#8221; title_text_align=&#8221;center&#8221; title_text_color=&#8221;#a5825e&#8221; title_font_size=&#8221;40px&#8221; global_colors_info=&#8221;{}&#8221;][\/et_pb_heading][et_pb_gallery gallery_ids=&#8221;3565,3568,3556,3553,3559,3550,3562&#8243; posts_number=&#8221;12&#8243; show_title_and_caption=&#8221;off&#8221; show_pagination=&#8221;off&#8221; _builder_version=&#8221;4.27.4&#8243; _module_preset=&#8221;default&#8221; global_colors_info=&#8221;{}&#8221;][\/et_pb_gallery][\/et_pb_column][\/et_pb_row][\/et_pb_section][et_pb_section fb_built=&#8221;1&#8243; _builder_version=&#8221;4.27.4&#8243; _module_preset=&#8221;default&#8221; background_color=&#8221;#f7f6f2&#8243; saved_tabs=&#8221;all&#8221; global_colors_info=&#8221;{}&#8221;][et_pb_row _builder_version=&#8221;4.27.4&#8243; _module_preset=&#8221;default&#8221; global_colors_info=&#8221;{}&#8221;][et_pb_column type=&#8221;4_4&#8243; _builder_version=&#8221;4.27.4&#8243; _module_preset=&#8221;default&#8221; global_colors_info=&#8221;{}&#8221;][et_pb_heading title=&#8221;Where to Find Us&#8221; module_id=&#8221;kontakt&#8221; _builder_version=&#8221;4.27.4&#8243; _module_preset=&#8221;default&#8221; title_level=&#8221;h2&#8243; title_font=&#8221;Poppins|700|||||||&#8221; title_text_align=&#8221;center&#8221; title_text_color=&#8221;#a5825e&#8221; title_font_size=&#8221;40px&#8221; custom_margin=&#8221;||2px|||&#8221; custom_padding=&#8221;|0px|0px|0px|false|false&#8221; global_colors_info=&#8221;{}&#8221;][\/et_pb_heading][\/et_pb_column][\/et_pb_row][et_pb_row column_structure=&#8221;1_2,1_2&#8243; _builder_version=&#8221;4.27.4&#8243; _module_preset=&#8221;default&#8221; global_colors_info=&#8221;{}&#8221;][et_pb_column type=&#8221;1_2&#8243; _builder_version=&#8221;4.27.4&#8243; _module_preset=&#8221;default&#8221; global_colors_info=&#8221;{}&#8221;][et_pb_code _builder_version=&#8221;4.27.4&#8243; _module_preset=&#8221;default&#8221; global_colors_info=&#8221;{}&#8221;]<iframe data-src=\"https:\/\/www.google.com\/maps?q=N%C3%A1m%C4%9Bst%C3%AD%20325,%20Volary,%20384%2051&#038;output=embed\" width=\"600\" height=\"450\" style=\"border:0;\" allowfullscreen=\"\" referrerpolicy=\"no-referrer-when-downgrade\" src=\"data:image\/svg+xml;base64,PHN2ZyB3aWR0aD0iMSIgaGVpZ2h0PSIxIiB4bWxucz0iaHR0cDovL3d3dy53My5vcmcvMjAwMC9zdmciPjwvc3ZnPg==\" class=\"lazyload\" data-load-mode=\"1\"><!-- [et_pb_line_break_holder] --><\/iframe><!-- [et_pb_line_break_holder] -->[\/et_pb_code][\/et_pb_column][et_pb_column type=&#8221;1_2&#8243; _builder_version=&#8221;4.27.4&#8243; _module_preset=&#8221;default&#8221; global_colors_info=&#8221;{}&#8221;][et_pb_icon font_icon=&#8221;&#xe090;||divi||400&#8243; icon_color=&#8221;#a5825e&#8221; icon_width=&#8221;30px&#8221; _builder_version=&#8221;4.27.4&#8243; _module_preset=&#8221;default&#8221; custom_margin=&#8221;33px|350px|||false|false&#8221; custom_margin_tablet=&#8221;|500px|||false|false&#8221; custom_margin_phone=&#8221;|250px|||false|false&#8221; custom_margin_last_edited=&#8221;on|phone&#8221; global_colors_info=&#8221;{}&#8221;][\/et_pb_icon][et_pb_text _builder_version=&#8221;4.27.4&#8243; _module_preset=&#8221;default&#8221; text_font=&#8221;Poppins|300|||||||&#8221; text_text_color=&#8221;#000000&#8243; text_font_size=&#8221;18px&#8221; custom_margin=&#8221;-59px||28px|137px|false|false&#8221; global_colors_info=&#8221;{}&#8221;]<\/p>\n<p>+420 606 086 863<\/p>\n<p>[\/et_pb_text][et_pb_icon font_icon=&#8221;&#xe010;||divi||400&#8243; icon_color=&#8221;#a5825e&#8221; icon_width=&#8221;30px&#8221; _builder_version=&#8221;4.27.4&#8243; _module_preset=&#8221;default&#8221; custom_margin=&#8221;-12px|350px|||false|false&#8221; custom_margin_tablet=&#8221;|500px|||false|false&#8221; custom_margin_phone=&#8221;-12px|250px|||false|false&#8221; custom_margin_last_edited=&#8221;on|phone&#8221; global_colors_info=&#8221;{}&#8221;][\/et_pb_icon][et_pb_text _builder_version=&#8221;4.27.4&#8243; _module_preset=&#8221;default&#8221; text_font=&#8221;Poppins|300|||||||&#8221; text_text_color=&#8221;#000000&#8243; text_font_size=&#8221;18px&#8221; custom_margin=&#8221;-59px||28px|137px|false|false&#8221; global_colors_info=&#8221;{}&#8221;]<\/p>\n<p><a href=\"mailto:recepce@hotelschreiner.cz\">recepce@hotelschreiner.cz<\/a><\/p>\n<p>[\/et_pb_text][et_pb_icon font_icon=&#8221;&#xe01d;||divi||400&#8243; icon_color=&#8221;#a5825e&#8221; icon_width=&#8221;30px&#8221; _builder_version=&#8221;4.27.4&#8243; _module_preset=&#8221;default&#8221; custom_margin=&#8221;-12px|350px|||false|false&#8221; custom_margin_tablet=&#8221;|500px|||false|false&#8221; custom_margin_phone=&#8221;-12px|250px|||false|false&#8221; custom_margin_last_edited=&#8221;on|phone&#8221; global_colors_info=&#8221;{}&#8221;][\/et_pb_icon][et_pb_text _builder_version=&#8221;4.27.4&#8243; _module_preset=&#8221;default&#8221; text_font=&#8221;Poppins|300|||||||&#8221; text_text_color=&#8221;#000000&#8243; text_font_size=&#8221;18px&#8221; custom_margin=&#8221;-59px||28px|137px|false|false&#8221; global_colors_info=&#8221;{}&#8221;]<\/p>\n<p>N\u00e1m\u011bst\u00ed 325, Volary, 384 51<\/p>\n<p>[\/et_pb_text][et_pb_icon font_icon=&#8221;&#xe0c1;||divi||400&#8243; icon_color=&#8221;#a5825e&#8221; icon_width=&#8221;30px&#8221; url=&#8221;https:\/\/www.facebook.com\/schreinerhotel&#8221; url_new_window=&#8221;on&#8221; _builder_version=&#8221;4.27.4&#8243; _module_preset=&#8221;default&#8221; custom_margin=&#8221;44px|350px|||false|false&#8221; custom_margin_tablet=&#8221;|500px|||false|false&#8221; custom_margin_phone=&#8221;44px|250px|||false|false&#8221; custom_margin_last_edited=&#8221;on|phone&#8221; global_colors_info=&#8221;{}&#8221;][\/et_pb_icon][et_pb_text _builder_version=&#8221;4.27.4&#8243; _module_preset=&#8221;default&#8221; text_font=&#8221;Poppins|300|||||||&#8221; text_text_color=&#8221;#000000&#8243; text_font_size=&#8221;18px&#8221; custom_margin=&#8221;-59px||28px|137px|false|false&#8221; global_colors_info=&#8221;{}&#8221;]<\/p>\n<p>facebook.com\/schreinerhotel<\/p>\n<p>[\/et_pb_text][et_pb_icon font_icon=&#8221;&#xe09a;||divi||400&#8243; icon_color=&#8221;#a5825e&#8221; icon_width=&#8221;30px&#8221; url=&#8221;https:\/\/www.instagram.com\/hotelschreiner\/&#8221; url_new_window=&#8221;on&#8221; _builder_version=&#8221;4.27.4&#8243; _module_preset=&#8221;default&#8221; custom_margin=&#8221;-12px|350px|||false|false&#8221; custom_margin_tablet=&#8221;|500px|||false|false&#8221; custom_margin_phone=&#8221;-12px|250px|||false|false&#8221; custom_margin_last_edited=&#8221;on|phone&#8221; global_colors_info=&#8221;{}&#8221;][\/et_pb_icon][et_pb_text _builder_version=&#8221;4.27.4&#8243; _module_preset=&#8221;default&#8221; text_font=&#8221;Poppins|300|||||||&#8221; text_text_color=&#8221;#000000&#8243; text_font_size=&#8221;18px&#8221; custom_margin=&#8221;-59px||28px|137px|false|false&#8221; global_colors_info=&#8221;{}&#8221;]<\/p>\n<p>instagram.com\/hotelschreiner\/<\/p>\n<p>[\/et_pb_text][\/et_pb_column][\/et_pb_row][\/et_pb_section]<\/p>\n","protected":false},"excerpt":{"rendered":"<p>+420 606 086 863recepce@hotelschreiner.czN\u00e1m\u011bst\u00ed 325, Volary, 384 51facebook.com\/schreinerhotelinstagram.com\/hotelschreiner\/<\/p>\n","protected":false},"author":1,"featured_media":0,"parent":0,"menu_order":0,"comment_status":"closed","ping_status":"closed","template":"","meta":{"_et_pb_use_builder":"on","_et_pb_old_content":"","_et_gb_content_width":"","footnotes":""},"class_list":["post-3575","page","type-page","status-publish","hentry"],"yoast_head":"<!-- This site is optimized with the Yoast SEO plugin v26.5 - https:\/\/yoast.com\/wordpress\/plugins\/seo\/ -->\n<title>Gallery - Hotel Schreiner<\/title>\n<meta name=\"robots\" content=\"index, follow, max-snippet:-1, max-image-preview:large, max-video-preview:-1\" \/>\n<link rel=\"canonical\" href=\"https:\/\/hotelschreiner.cz\/en\/gallery\/\" \/>\n<meta property=\"og:locale\" content=\"en_US\" \/>\n<meta property=\"og:type\" content=\"article\" \/>\n<meta property=\"og:title\" content=\"Gallery - Hotel Schreiner\" \/>\n<meta property=\"og:description\" content=\"+420 606 086 863recepce@hotelschreiner.czN\u00e1m\u011bst\u00ed 325, Volary, 384 51facebook.com\/schreinerhotelinstagram.com\/hotelschreiner\/\" \/>\n<meta property=\"og:url\" content=\"https:\/\/hotelschreiner.cz\/en\/gallery\/\" \/>\n<meta property=\"og:site_name\" content=\"Hotel Schreiner\" \/>\n<meta property=\"article:modified_time\" content=\"2026-03-02T13:57:32+00:00\" \/>\n<meta name=\"twitter:card\" content=\"summary_large_image\" \/>\n<meta name=\"twitter:label1\" content=\"Est. reading time\" \/>\n\t<meta name=\"twitter:data1\" content=\"5 minutes\" \/>\n<script type=\"application\/ld+json\" class=\"yoast-schema-graph\">{\"@context\":\"https:\/\/schema.org\",\"@graph\":[{\"@type\":\"WebPage\",\"@id\":\"https:\/\/hotelschreiner.cz\/en\/gallery\/\",\"url\":\"https:\/\/hotelschreiner.cz\/en\/gallery\/\",\"name\":\"Gallery - Hotel Schreiner\",\"isPartOf\":{\"@id\":\"https:\/\/hotelschreiner.cz\/#website\"},\"datePublished\":\"2026-01-08T10:48:09+00:00\",\"dateModified\":\"2026-03-02T13:57:32+00:00\",\"breadcrumb\":{\"@id\":\"https:\/\/hotelschreiner.cz\/en\/gallery\/#breadcrumb\"},\"inLanguage\":\"en-US\",\"potentialAction\":[{\"@type\":\"ReadAction\",\"target\":[\"https:\/\/hotelschreiner.cz\/en\/gallery\/\"]}]},{\"@type\":\"BreadcrumbList\",\"@id\":\"https:\/\/hotelschreiner.cz\/en\/gallery\/#breadcrumb\",\"itemListElement\":[{\"@type\":\"ListItem\",\"position\":1,\"name\":\"Dom\u016f\",\"item\":\"https:\/\/hotelschreiner.cz\/en\/\"},{\"@type\":\"ListItem\",\"position\":2,\"name\":\"Gallery\"}]},{\"@type\":\"WebSite\",\"@id\":\"https:\/\/hotelschreiner.cz\/#website\",\"url\":\"https:\/\/hotelschreiner.cz\/\",\"name\":\"Hotel Schreiner\",\"description\":\"Nov\u011b zrekonstruovan\u00fd hotel na \u0160umav\u011b\",\"potentialAction\":[{\"@type\":\"SearchAction\",\"target\":{\"@type\":\"EntryPoint\",\"urlTemplate\":\"https:\/\/hotelschreiner.cz\/?s={search_term_string}\"},\"query-input\":{\"@type\":\"PropertyValueSpecification\",\"valueRequired\":true,\"valueName\":\"search_term_string\"}}],\"inLanguage\":\"en-US\"}]}<\/script>\n<!-- \/ Yoast SEO plugin. -->","yoast_head_json":{"title":"Gallery - Hotel Schreiner","robots":{"index":"index","follow":"follow","max-snippet":"max-snippet:-1","max-image-preview":"max-image-preview:large","max-video-preview":"max-video-preview:-1"},"canonical":"https:\/\/hotelschreiner.cz\/en\/gallery\/","og_locale":"en_US","og_type":"article","og_title":"Gallery - Hotel Schreiner","og_description":"+420 606 086 863recepce@hotelschreiner.czN\u00e1m\u011bst\u00ed 325, Volary, 384 51facebook.com\/schreinerhotelinstagram.com\/hotelschreiner\/","og_url":"https:\/\/hotelschreiner.cz\/en\/gallery\/","og_site_name":"Hotel Schreiner","article_modified_time":"2026-03-02T13:57:32+00:00","twitter_card":"summary_large_image","twitter_misc":{"Est. reading time":"5 minutes"},"schema":{"@context":"https:\/\/schema.org","@graph":[{"@type":"WebPage","@id":"https:\/\/hotelschreiner.cz\/en\/gallery\/","url":"https:\/\/hotelschreiner.cz\/en\/gallery\/","name":"Gallery - Hotel Schreiner","isPartOf":{"@id":"https:\/\/hotelschreiner.cz\/#website"},"datePublished":"2026-01-08T10:48:09+00:00","dateModified":"2026-03-02T13:57:32+00:00","breadcrumb":{"@id":"https:\/\/hotelschreiner.cz\/en\/gallery\/#breadcrumb"},"inLanguage":"en-US","potentialAction":[{"@type":"ReadAction","target":["https:\/\/hotelschreiner.cz\/en\/gallery\/"]}]},{"@type":"BreadcrumbList","@id":"https:\/\/hotelschreiner.cz\/en\/gallery\/#breadcrumb","itemListElement":[{"@type":"ListItem","position":1,"name":"Dom\u016f","item":"https:\/\/hotelschreiner.cz\/en\/"},{"@type":"ListItem","position":2,"name":"Gallery"}]},{"@type":"WebSite","@id":"https:\/\/hotelschreiner.cz\/#website","url":"https:\/\/hotelschreiner.cz\/","name":"Hotel Schreiner","description":"Nov\u011b zrekonstruovan\u00fd hotel na \u0160umav\u011b","potentialAction":[{"@type":"SearchAction","target":{"@type":"EntryPoint","urlTemplate":"https:\/\/hotelschreiner.cz\/?s={search_term_string}"},"query-input":{"@type":"PropertyValueSpecification","valueRequired":true,"valueName":"search_term_string"}}],"inLanguage":"en-US"}]}},"_links":{"self":[{"href":"https:\/\/hotelschreiner.cz\/en\/wp-json\/wp\/v2\/pages\/3575","targetHints":{"allow":["GET"]}}],"collection":[{"href":"https:\/\/hotelschreiner.cz\/en\/wp-json\/wp\/v2\/pages"}],"about":[{"href":"https:\/\/hotelschreiner.cz\/en\/wp-json\/wp\/v2\/types\/page"}],"author":[{"embeddable":true,"href":"https:\/\/hotelschreiner.cz\/en\/wp-json\/wp\/v2\/users\/1"}],"replies":[{"embeddable":true,"href":"https:\/\/hotelschreiner.cz\/en\/wp-json\/wp\/v2\/comments?post=3575"}],"version-history":[{"count":5,"href":"https:\/\/hotelschreiner.cz\/en\/wp-json\/wp\/v2\/pages\/3575\/revisions"}],"predecessor-version":[{"id":3630,"href":"https:\/\/hotelschreiner.cz\/en\/wp-json\/wp\/v2\/pages\/3575\/revisions\/3630"}],"wp:attachment":[{"href":"https:\/\/hotelschreiner.cz\/en\/wp-json\/wp\/v2\/media?parent=3575"}],"curies":[{"name":"wp","href":"https:\/\/api.w.org\/{rel}","templated":true}]}}